{"id":171,"date":"2019-01-29T12:53:52","date_gmt":"2019-01-29T14:53:52","guid":{"rendered":"http:\/\/brazmedchem.org\/2020\/?page_id=171"},"modified":"2019-08-03T12:05:53","modified_gmt":"2019-08-03T15:05:53","slug":"registration-fees","status":"publish","type":"page","link":"https:\/\/brazmedchem.org\/2020\/registration-fees\/","title":{"rendered":"Registration fees"},"content":{"rendered":"<div class=\"wpb-content-wrapper\">[vc_row css=&#8221;.vc_custom_1548876242458{padding-top: 40px !important;}&#8221; local_scroll_id=&#8221;Registrationfees&#8221;][vc_column][vc_column_text text_align=&#8221;center&#8221; font_size=&#8221;14&#8243; color=&#8221;#8c8c8c&#8221; css=&#8221;.vc_custom_1548773645390{margin-top: 40px !important;margin-bottom: 40px !important;}&#8221;]\n<p style=\"text-align: center;\"><strong><span style=\"font-size: 28px;\">Registration fees <\/span><\/strong><\/p>\n[\/vc_column_text][vc_single_image image=&#8221;794&#8243;][\/vc_column][\/vc_row][vc_row][vc_column]<figure class=\"vcex-image vcex-module textcenter\"><div class=\"vcex-image-inner wpex-relative wpex-inline-block\"><img width=\"3356\" height=\"3373\" src=\"https:\/\/brazmedchem.org\/2020\/wp-content\/uploads\/2019\/03\/New-fees.png\" class=\"vcex-image-img wpex-align-middle\" alt=\"\" loading=\"lazy\" decoding=\"async\" srcset=\"https:\/\/brazmedchem.org\/2020\/wp-content\/uploads\/2019\/03\/New-fees.png 3356w, https:\/\/brazmedchem.org\/2020\/wp-content\/uploads\/2019\/03\/New-fees-150x150.png 150w, https:\/\/brazmedchem.org\/2020\/wp-content\/uploads\/2019\/03\/New-fees-298x300.png 298w, https:\/\/brazmedchem.org\/2020\/wp-content\/uploads\/2019\/03\/New-fees-768x772.png 768w, https:\/\/brazmedchem.org\/2020\/wp-content\/uploads\/2019\/03\/New-fees-1019x1024.png 1019w\" sizes=\"auto, (max-width: 3356px) 100vw, 3356px\" \/><\/div><\/figure>[\/vc_column][\/vc_row][vc_row local_scroll_id=&#8221;Registration&#8221;][vc_column]<h1 class=\"vcex-heading vcex-heading-plain vcex-module wpex-heading wpex-text-2xl wpex-text-center vc_custom_1548773750029\"><span class=\"vcex-heading-inner wpex-inline-block\">Registration<\/span><\/h1>[\/vc_column][\/vc_row][vc_row css=&#8221;.vc_custom_1548774002293{margin-top: 30px !important;margin-bottom: 60px !important;}&#8221;][vc_column][vc_column_text css=&#8221;.vc_custom_1564844612461{margin-bottom: 50px !important;}&#8221;]\n<h3 style=\"text-align: center;\">BRAZILIAN<\/h3>\n<p><strong>Como fazer a sua inscri\u00e7\u00e3o e reserva para o 9Th BrazMedChem 2019, per\u00edodo 01 a 05 de setembro de 2019.<\/strong><\/p>\n<p>Os valores s\u00e3o individuais conforme tabela de tarifas e inscri\u00e7\u00e3o (n\u00e3o s\u00f3cios e s\u00f3cios da SBQ).<\/p>\n<p><strong>Incluem:\u00a0<\/strong>01 inscri\u00e7\u00e3o + 04 di\u00e1rias para uma pessoa na Pousada dos Pireneus Resort (no quarto escolhido \u2013 single, duplo, triplo, qu\u00e1druplo ou qu\u00edntuplo) + 04 caf\u00e9s da manh\u00e3 (p\/ 1 pessoa) + 04 almo\u00e7os (p\/ 1 pessoa) com 01 bebida n\u00e3o alco\u00f3lica.<\/p>\n<p><strong>Cortesias:<\/strong>Coquetel de abertura + coffee-breaks.<\/p>\n<h2>Primeiramente, Clicar no link <a href=\"https:\/\/registration.galoa.com.br\/en\/realm\/brazmedchem-2019\" target=\"_blank\" rel=\"noopener noreferrer\"><strong>REGISTRATION<\/strong><\/a>, que ser\u00e1 direcionado para uma nova p\u00e1gina, de sistemas de registros da Galo\u00e1.<\/h2>\n<p>Fazer o registro (Register), para criar uma conta no sistema Galo\u00e1 (caso vc n\u00e3o tenha) e preencher com seus dados pessoais, email, cadastrar uma senha, etc.<\/p>\n<p>Preencher todo o formul\u00e1rio de inscri\u00e7\u00e3o on line. Selecionar a sua categoria inicial: \u201cBrasileiros\u201d, \u201cS\u00f3cios da SBQ\u201d ou \u201cN\u00e3o S\u00f3cios da SBQ\u201d. Logo em seguida, selecionar o tipo de apartamento desejado de acordo com a sua categoria (professor\/pesquisador, aluno de p\u00f3s-gradua\u00e7\u00e3o ou aluno de gradua\u00e7\u00e3o), e se ficar\u00e1 em apartamento Single, Duplo, Triplo, Qu\u00e1druplo ou Qu\u00edntuplo.<\/p>\n<p>Observe que caso voc\u00ea n\u00e3o tenha pessoas para dividir o quarto mas queira dividir, voc\u00ea poder\u00e1 solicitar aux\u00edlio para a Sra. Elisabete lhe ajudar a conseguir outras pessoas para dividirem o quarto.<\/p>\n<p><strong>Pagamento com desconto para s\u00f3cios da SBQ:<\/strong><\/p>\n<p>&#8211; Para s\u00f3cios em dia com a SBQ, para obter o desconto, enviar no formul\u00e1rio on line (no sistema Galo\u00e1) o comprovante de anuidade de 2019 quitado. Somente ap\u00f3s ser verificado, voc\u00ea estar\u00e1 apto para fazer o pagamento.<\/p>\n<p>Logo ap\u00f3s completar a sua inscri\u00e7\u00e3o on line, voc\u00ea dever\u00e1 enviar um email para a Sra.<strong>Elisabete Simabuco<\/strong>, no reserva@camposdojord\u00e3oeventos.com.br. Ela ir\u00e1 lhe dar mais detalhes sobre o pagamento. Al\u00e9m disso, ela ir\u00e1 fazer sua reserva no hotel, observando o tipo de quarto escolhido.<\/p>\n<p><strong>Formas de pagamento:<\/strong><\/p>\n<p><strong>&#8211; Deposito banc\u00e1rio ou transfer\u00eancia:<\/strong><\/p>\n<p>Elisabete Simabuco Alves Eventos Ltda \u2013ME<\/p>\n<p>Banco Santander 033\u00a0 &#8211; agencia 0069\u00a0\u00a0 conta corrente: 13 004555-4<\/p>\n<p>CNPJ: 10 384 308\/0001-31<\/p>\n<p>Enviar o comprovante do pagamento para: reserva@camposdojord\u00e3oeventos.com.br<\/p>\n<p><strong>Pode ser pagamento \u00fanico ou parcelado<\/strong>. A \u00faltima parcela tem que ser paga at\u00e9 dia <strong>05\/08\/2019.<\/strong><\/p>\n<p>&nbsp;<\/p>\n<h3><strong>Reserva do hotel\/ informa\u00e7\u00f5es adicionais\/ valores de acompanhantes\/ informa\u00e7\u00f5es sobre traslado:<\/strong><\/h3>\n<p>Logo ap\u00f3s realizar a sua inscri\u00e7\u00e3o pelo site, no link Registration, Entrar em contato com a Elisabete atrav\u00e9s do e-mail: reserva@camposdojordaoeventos.com.br ou dos telefones (12) 3663 2166 ou cel (11) 99750 8361 para realizar a sua reserva no hotel.<\/p>\n<p>Somente ela estar\u00e1 autorizada a fazer as reservas.<\/p>\n<p>Caso voc\u00ea queria dividir o quarto com outras pessoas, avisar a Sra. Elisabete, ela ir\u00e1 tentar organizar os grupos para dividirem os quartos.<\/p>\n<p><strong>Desconto:<\/strong><\/p>\n<p>Estudante de gradua\u00e7\u00e3o fa\u00e7a seu grupo, voc\u00ea ser\u00e1 contemplado com desconto de sua inscri\u00e7\u00e3o caso traga para o congresso: 01 professor + 05 estudantes. Valor do desconto R$ 200,00.<\/p>\n<h3 style=\"text-align: center;\"><span class=\"text-highlight\"><strong>IMPORTANTE: COMO ESTAMOS COM POUCAS VAGAS NAS VANS DE TRANSFER, FAVOR ENTRAR EM CONTATO COM A SRA. ELISABETE POR TELEFONE, ANTES DE COMPRAR O A\u00c9REO (11) 99750-8361\u00a0<\/strong><\/span><\/h3>\n<p><strong>Cancelamento de Inscri\u00e7\u00e3o:<\/strong><\/p>\n<p>A inscri\u00e7\u00e3o poder\u00e1 ser cancelada at\u00e9 o dia 20\/08\/2019 enviar solicita\u00e7\u00e3o por e-mail.<\/p>\n<p><strong>Porem n\u00e3o haver\u00e1 restitui\u00e7\u00e3o do valor pago.<\/strong><\/p>\n<p><strong>Ser\u00e1 aceito um novo participante para cobrir esta inscri\u00e7\u00e3o e o valor j\u00e1 acertado ficar\u00e1 para esta nova reserva.<\/strong><\/p>\n<p><strong>PRORROGADO: Data limite para inscri\u00e7\u00e3o com submiss\u00e3o de RESUMO: 15\/08\/2019<\/strong><\/p>\n<p><strong>Data limite para inscri\u00e7\u00e3o sem submiss\u00e3o de resumo: 29\/08\/2019, ou at\u00e9 o m\u00e1ximo de 500 inscri\u00e7\u00f5es (vale o crit\u00e9rio que for atingido primeiro).<\/strong>[\/vc_column_text][vc_column_text]\n<h3 style=\"text-align: center;\">FOREIGNERS<\/h3>\n<p><strong>How to register and make your hotel reservation for the 9Th BrazMedChem 2019, from 01 to 05th September 2019<\/strong><\/p>\n<p>The values are per person, according to the table of fees.<\/p>\n<p><strong>Including:<\/strong>01 registration at the conference + 04 nights per one person at Pousada dos Pireneus Resort (with your choice of apartment: single, double or triple) + 04 breakfasts (per one person) + 04 lunches with a non-alcoholic beverage.<\/p>\n<p>Also including <strong>welcome reception and coffee-breaks at the conference<\/strong>.<\/p>\n<h2><strong>FIRST<\/strong>, you should go on the link <a href=\"https:\/\/registration.galoa.com.br\/en\/realm\/brazmedchem-2019\" target=\"_blank\" rel=\"noopener noreferrer\"><strong>REGISTRATION<\/strong><\/a>, that will direct you to a new page, at the Galoa systems of registration.<\/h2>\n<p>Make your Login to start a new session. You\u2019ll need your passport number. Fill up all the registration form on line. Select the type of your accommodation accordingly with your category.<\/p>\n<p style=\"text-align: justify;\">After completing your on line registration, you <strong>must send an e-mail to Ms. Elisabete Simabuco<\/strong>, at\u00a0<strong>reserva@camposdojordaoeventos.com.br<\/strong>. She will give you more detailed instructions for payment. Also, she will make your reservation at the hotel, observing your selected room type.<\/p>\n<h3><strong>Payment:<\/strong><\/h3>\n<p><strong>&#8211; Wire transfer<\/strong><\/p>\n<p>Elisabete Simabuco Alves Eventos Ltda \u2013ME<\/p>\n<p>Santander Bank 033\u00a0 &#8211; \u00a0Agency 0069\u00a0\u00a0checking account: 13 004555-4<\/p>\n<p>CNPJ: 10 384 308\/0001-31<\/p>\n<p>Please send your receipt of payment to: reserva@camposdojordaoeventos.com.br<\/p>\n<h3><strong>How to make your reservation at the hotel and additional information, accompanying person fees, information about transfer: <\/strong><\/h3>\n<p style=\"text-align: justify;\">Right after making your registration on line, please send an e-mail to Ms. Elisabete at\u00a0<strong>reserva@camposdojordaoeventos.com.br<\/strong> or at the phone numbers: + 55 (12) 3663 2166 or \u00a0(11) 99750 8361 to make your reservation at the hotel. Only her is authorized to make the hotel reservation.<\/p>\n<h3 style=\"text-align: center;\"><span class=\"text-highlight\"><strong>IMPORTANT: WE ARE WITH ONLY FEW AVAILABLE SPOTS IN THE SHUTTLE, PLEASE CONTACT MS. ELISABETE BY PHONE, BEFORE YOU BOOK YOUR FLIGHTS\u00a0<\/strong><\/span><span class=\"text-highlight\"><strong>(11) 99750-8361\u00a0<\/strong><\/span><\/h3>\n<p>&nbsp;<\/p>\n<p><strong>Cancellation policy:\u00a0<\/strong>No refunds will be provided; however, you can indicate a substitute person at no additional cost.<\/p>\n<p><strong>NEW Deadline to register with abstract submission: 15\/08\/2019<\/strong><\/p>\n<p><strong>Deadline to register <u>without\u00a0<\/u>abstract submission: 29\/08\/2019<\/strong>[\/vc_column_text][\/vc_column][\/vc_row][vc_row local_scroll_id=&#8221;AbstractSubmission&#8221; css=&#8221;.vc_custom_1548876269302{padding-top: 40px !important;}&#8221;][vc_column][vc_column_text]\n<h1 style=\"text-align: center;\">Abstract Submission<\/h1>\n<h3 style=\"text-align: center;\">Participants are welcome to register and share your scientific results in a Poster\/Oral Presentation.<\/h3>\n<h3 style=\"text-align: center;\">The corresponding (presenting) author must have a registration at the event (it is only required that he\/she starts the registration process, payment completion is not required for submission).<\/h3>\n<h3 style=\"text-align: center;\">Please, select the presentation type: &#8220;Poster only&#8221; or &#8220;Poster and Oral (selected by the Scientific Committee)&#8221;<\/h3>\n<h3 style=\"text-align: center;\">Abstracts per participant: 1 (one)<\/h3>\n<h3 style=\"text-align: center;\">Please upload your abstract via the <a href=\"https:\/\/callforpapers.galoa.com.br\/en\/realm\/brazmedchem-2019\/\" target=\"_blank\" rel=\"noopener noreferrer\">Online Abstract Submission website<\/a> where the detailed submission procedure is found.<\/h3>\n<h3 style=\"text-align: center;\">Upload your abstract using the available template:\u00a0<a href=\"http:\/\/brazmedchem.org\/2020\/wp-content\/uploads\/2019\/03\/Template_BrazMedChem2019.docx\">Template_BrazMedChem2019\u00a0<\/a>in PDF file format<\/h3>\n<h3 style=\"text-align: center;\">NEW!!! LAST CALL for Abstract submission deadline: <span class=\"text-highlight\">AUGUST 15th 2019<\/span><\/h3>\n<h3 style=\"text-align: center;\">The submitted abstracts will be reviewed by the Scientific Committee and an e-mail will be sent to the corresponding authors with the notification of acceptance till July 31st 2019.<\/h3>\n[\/vc_column_text][\/vc_column][\/vc_row][vc_row css=&#8221;.vc_custom_1548876336333{margin-bottom: 40px !important;padding-top: 40px !important;}&#8221; local_scroll_id=&#8221;Posterguidelines&#8221;][vc_column][vc_column_text]\n<h1 style=\"text-align: center;\">Poster Guidelines<\/h1>\n<p>Poster size &#8211; A0 (90 cm wide and 120 cm high, in portrait format).<\/p>\n<p>A final poster number will be assigned to each abstract and will be informed to the correspondence author(s) accordingly.<\/p>\n<p>Presenters will be responsible for setting up and removing the posters from poster presentation area.[\/vc_column_text][\/vc_column][\/vc_row]\n<\/div>","protected":false},"excerpt":{"rendered":"<p>[vc_row css=&#8221;.vc_custom_1548876242458{padding-top: 40px !important;}&#8221; local_scroll_id=&#8221;Registrationfees&#8221;][vc_column][vc_column_text text_align=&#8221;center&#8221; font_size=&#8221;14&#8243; color=&#8221;#8c8c8c&#8221; css=&#8221;.vc_custom_1548773645390{margin-top: 40px !important;margin-bottom: 40px !important;}&#8221;] Registration fees [\/vc_column_text][vc_single_image image=&#8221;794&#8243;][\/vc_column][\/vc_row][vc_row][vc_column][\/vc_column][\/vc_row][vc_row local_scroll_id=&#8221;Registration&#8221;][vc_column][\/vc_column][\/vc_row][vc_row css=&#8221;.vc_custom_1548774002293{margin-top: 30px !important;margin-bottom: 60px !important;}&#8221;][vc_column][vc_column_text css=&#8221;.vc_custom_1564844612461{margin-bottom: 50px !important;}&#8221;] BRAZILIAN Como fazer a sua inscri\u00e7\u00e3o e reserva para o 9Th BrazMedChem 2019, per\u00edodo 01 a 05 de setembro de 2019. Os valores s\u00e3o individuais conforme tabela de tarifas&hellip;<\/p>\n","protected":false},"author":1,"featured_media":0,"parent":0,"menu_order":0,"comment_status":"closed","ping_status":"closed","template":"","meta":{"footnotes":""},"class_list":["post-171","page","type-page","status-publish","hentry","entry","no-media"],"_links":{"self":[{"href":"https:\/\/brazmedchem.org\/2020\/wp-json\/wp\/v2\/pages\/171","targetHints":{"allow":["GET"]}}],"collection":[{"href":"https:\/\/brazmedchem.org\/2020\/wp-json\/wp\/v2\/pages"}],"about":[{"href":"https:\/\/brazmedchem.org\/2020\/wp-json\/wp\/v2\/types\/page"}],"author":[{"embeddable":true,"href":"https:\/\/brazmedchem.org\/2020\/wp-json\/wp\/v2\/users\/1"}],"replies":[{"embeddable":true,"href":"https:\/\/brazmedchem.org\/2020\/wp-json\/wp\/v2\/comments?post=171"}],"version-history":[{"count":33,"href":"https:\/\/brazmedchem.org\/2020\/wp-json\/wp\/v2\/pages\/171\/revisions"}],"predecessor-version":[{"id":656,"href":"https:\/\/brazmedchem.org\/2020\/wp-json\/wp\/v2\/pages\/171\/revisions\/656"}],"wp:attachment":[{"href":"https:\/\/brazmedchem.org\/2020\/wp-json\/wp\/v2\/media?parent=171"}],"curies":[{"name":"wp","href":"https:\/\/api.w.org\/{rel}","templated":true}]}}