{"id":181,"date":"2019-01-29T13:08:26","date_gmt":"2019-01-29T15:08:26","guid":{"rendered":"http:\/\/brazmedchem.org\/2020\/?page_id=181"},"modified":"2019-08-03T12:02:22","modified_gmt":"2019-08-03T15:02:22","slug":"cancellation-policy","status":"publish","type":"page","link":"https:\/\/brazmedchem.org\/2020\/cancellation-policy\/","title":{"rendered":"Cancellation policy"},"content":{"rendered":"<div class=\"wpb-content-wrapper\">[vc_row css=&#8221;.vc_custom_1548876532176{padding-top: 40px !important;}&#8221; local_scroll_id=&#8221;Cancellationpolicy&#8221;][vc_column]<style> style=\"height:30px;\"<\/style><div class=\"vcex-spacing wpex-w-100 wpex-clear\" style=\"height:30px;\"><\/div>[vc_column_text text_align=&#8221;center&#8221; font_size=&#8221;14&#8243; color=&#8221;#8c8c8c&#8221;]\n<h1 style=\"text-align: center;\">Cancellation policy<\/h1>\n<p style=\"text-align: center;\">No refunds will be provided; however, you can indicate a substitute person at no additional cost.<\/p>\n[\/vc_column_text][\/vc_column][\/vc_row][vc_row css=&#8221;.vc_custom_1548876526006{padding-top: 40px !important;}&#8221; local_scroll_id=&#8221;Travellinginformation&#8221;][vc_column]<style> style=\"height:30px;\"<\/style><div class=\"vcex-spacing wpex-w-100 wpex-clear\" style=\"height:30px;\"><\/div>[vc_column_text text_align=&#8221;center&#8221; font_size=&#8221;14&#8243; color=&#8221;#8c8c8c&#8221;]\n<h1 style=\"text-align: center;\">Travelling information<\/h1>\n<p style=\"text-align: center;\">The most convenient wat to reach Pirenopolis is to arrive at Brasilia Airport. We will provide transfer from Brasilia Airport to Pirenopolis, upon request at an additional cost. Please, send an email to reserva@camposdojordaoeventos.com.br.<\/p>\n<h3 style=\"text-align: center;\"><span class=\"text-highlight\"><strong>IMPORTANTE: COMO ESTAMOS COM POUCAS VAGAS NO TRANSFER, FAVOR ENTRAR EM CONTATO COM A SRA. ELISABETE POR TELEFONE, ANTES DE COMPRAR O A\u00c9REO (11) 99750-8361\u00a0<\/strong><\/span><\/h3>\n<h3 style=\"text-align: center;\"><span class=\"text-highlight\"><strong>INFORMATION ABOUT TRANSFER<\/strong><\/span><\/h3>\n<p><b>Please contact<\/b>\u00a0Ms. Elisabete Simabuco, e-mail: reserva@camposdojordaoeventos.com.br or by phone\u00a0(11) 99750 8361 or (12) 3663 2166 for information about Shuttle to and from Pousada dos Pireneus Resort.[\/vc_column_text][\/vc_column][\/vc_row][vc_row css=&#8221;.vc_custom_1548876541385{padding-top: 40px !important;}&#8221; local_scroll_id=&#8221;Visaandcurrency&#8221;][vc_column]<style> style=\"height:30px;\"<\/style><div class=\"vcex-spacing wpex-w-100 wpex-clear\" style=\"height:30px;\"><\/div>[vc_column_text text_align=&#8221;center&#8221; font_size=&#8221;14&#8243; color=&#8221;#8c8c8c&#8221;]\n<h1 style=\"text-align: center;\">Visa and currency<\/h1>\n<p style=\"text-align: justify;\"><strong>Visas<\/strong><br \/>\nParticipants should check with their local travel agents whether they will require a visa for traveling to Brazil. It is recommended to apply well in advance of the meeting.<\/p>\n<p style=\"text-align: justify;\"><strong>Currency<\/strong><br \/>\nThe Brazilian currency is the Real. Major credit cards are widely accepted in Brazil. In Brasilia airport there are exchange houses of the main foreign currencies.<br \/>\nFor further information, please send us an e-mail to reserva@camposdojordaoeventos.com.br[\/vc_column_text][\/vc_column][\/vc_row][vc_row css=&#8221;.vc_custom_1548876550619{padding-top: 40px !important;}&#8221; local_scroll_id=&#8221;Letterofinvitation&#8221;][vc_column]<style> style=\"height:30px;\"<\/style><div class=\"vcex-spacing wpex-w-100 wpex-clear\" style=\"height:30px;\"><\/div>[vc_column_text text_align=&#8221;center&#8221; font_size=&#8221;14&#8243; color=&#8221;#8c8c8c&#8221;]\n<h1 style=\"text-align: center;\">Letter of invitation<\/h1>\n<p style=\"text-align: justify;\">All participants requiring letters of invitation should inform the 9th Brazilian Symposium on Medicinal Chemistry secretariat as early as possible.<\/p>\n<p style=\"text-align: justify;\">Such invitations are only for the purpose of assisting participants to raise travel funds or to obtain visas. No financial commitment on the part of the organizers is implied. Please address your request to <a href=\"mailto:brazmedchemsbq@gmail.com\" target=\"_blank\" rel=\"noopener noreferrer\">brazmedchemsbq@gmail.com<\/a> or reserva@camposdojordaoeventos.com.br<\/p>\n[\/vc_column_text][\/vc_column][\/vc_row][vc_row css=&#8221;.vc_custom_1548876564110{padding-top: 40px !important;}&#8221; local_scroll_id=&#8221;GoiasandPirenopolis&#8221;][vc_column]<style> style=\"height:30px;\"<\/style><div class=\"vcex-spacing wpex-w-100 wpex-clear\" style=\"height:30px;\"><\/div>[vc_column_text text_align=&#8221;center&#8221; font_size=&#8221;14&#8243; color=&#8221;#8c8c8c&#8221;]\n<h1 style=\"text-align: center;\">Goi\u00e1s and Piren\u00f3polis<\/h1>\n<h3 style=\"text-align: justify;\"><strong>Goi\u00e1s<\/strong><\/h3>\n<p style=\"text-align: justify;\">Goi\u00e1s is a state located in the mid-west region of Brazil. The state is characterized by a landscape of plateaus and covered with a woodland savanna known in Brazil as &#8216;Cerrado&#8217;. The name Goi\u00e1s (formerly, Goyaz) comes from the name of an indigenous community. The original word seems to have been \u2018guai\u00e1\u2019, meaning \u2018the same person\u2019 or \u2018people of the same origin\u2019.<\/p>\n<p style=\"text-align: justify;\">Goi\u00e1s bears witness to the occupation and colonization of the interior of Brazil in the 18<sup>th<\/sup>and 19<sup>th<\/sup>centuries. Its urban design is characteristic of the organic development and adaptation of mining towns. Although modest, the architecture of its public and private buildings presents great harmony, the result of the widespread use of local materials and techniques in their construction, among other factors.<\/p>\n<p style=\"text-align: justify;\">The local cuisine is one of the most diverse in Brazil. Cuisine in this region uses a lot of meat, since livestock is one of the most important economic activities around. The \u2018galinhada\u2019 is the best-known dish of the state, made with rice, chicken and \u2018pequi\u2019 (is an edible fruit popular in region), which can also be replaced by \u2018guariroba\u2019 (a species of heart of palm). However, some care needs to be taken when eating pequi, since it has spines surrounding the pit, which can lodge in mouth causing considerable pain. Other popular dishes in the region are:<\/p>\n<ul style=\"text-align: justify;\">\n<li>Empad\u00e3o goiano: a pie that takes pork, sausage, chicken, guariroba and cheese;<\/li>\n<li>Feij\u00e3o-tropeiro: uma mistura de casca de porco, lingui\u00e7a, feij\u00e3o, cebola picada e farinha de mandioca;<\/li>\n<li>Maria Isabel rice: it takes meats and species from the region;<\/li>\n<li>Fish in the tile: it can be done with the fish \u2018Surubim\u2019, lots of peppers, onions, garlic and goat pepper;<\/li>\n<li>\u2018Pa\u00e7oca\u2019 of dried meat: a mixture made from cassava flour, dried meat and minced onion;<\/li>\n<li>\u2018Pamonha\u2019: a sweetish concoction of which green corn paste is the chief ingredient, rolled and baked in fresh corn husks);<\/li>\n<li>\u2018Vaca atolada\u2019 (mired cow): a beef rib dish prepared with cassava and cooked in a pressure cooker;<\/li>\n<li>\u2018Canjica\u2019: a sweet dough made from ground corn and coconut milk, served with sugar and cinnamon;<\/li>\n<li>\u2018P\u00e9 de moleque\u2019: a candy made of brown sugar and peanuts;<\/li>\n<\/ul>\n<h3 style=\"text-align: justify;\"><strong>Piren\u00f3polis<\/strong><\/h3>\n<p style=\"text-align: justify;\">The charming Piren\u00f3polis, or just Piri, is a welcoming city in the Goi\u00e1s. Its origin dates back to the discovery of precious metals in the first half of the 18<sup>th<\/sup>century. However, with the decadence of mining it was relegated to isolation for much of the 20<sup>th<\/sup>century, being rediscovered in the 1970s with the arrival of the Brasilia, on the Central Plateau of Brazil. The city is served by paved roads, and road transport is the most common way of reaching the town. There are two nearby airports: Bras\u00edlia (capital of Brazil at 150 km) and Goi\u00e2nia (state&#8217;s capital at 120-km).<\/p>\n<p style=\"text-align: justify;\">The culinary is one of the Piri attractions, along with the famous &#8216;Rua do Lazer&#8217; with its bars and restaurants providing a popular meeting point for residents and tourists. Furthermore, tourists can taste the famous colonial-style breakfast spread that includes: corn bread, \u2018pamonha\u2019, fried cookies, ausage, cheese bread, \u2018empad\u00e3o goiano\u2019, assorted fruit juices, etc..<\/p>\n<p style=\"text-align: justify;\">Behind the cobblestone streets lit by colonial lanterns, Piri hides the secrets of a town that is pure history. The city has several flamboyant mansions and archaic churches, such as: First Church of Our Lady of the Rosary (1728\u20131732), Churches of Our Lady of the Carmo (1750\u20131754) and the Church of Our Lord of the Bonfim (1750\u20131754), and buildings such as the Theater of Piren\u00f3polis, a hybrid style between colonial and neo-classic, of 1899, and the Cine-Pireneus, built in the art-deco style, of 1919 and the House of Chamber and Jail constructed in 1919 as an identical restoration of the 1733 original.<\/p>\n<p style=\"text-align: justify;\">The city is also known all over Brazil for its popular festivals, especially the &#8220;Cavalhadas&#8221;. The Cavalhadas were introduced in 1826, in which horsemen representing Moors and Christians recreate a battle fought by Charlemagne. The Festas de Cavalhadas feature a parade beginning with a bugle fanfare announcing the knight&#8217;s pages, then the mounted knights displaying their colors. Wearing papier-mach\u00e9 helmets, the Christian knights wear blue, the Moors wear red.\u00a0 Consequently, Piri was declared national historic patrimony in 1989.<\/p>\n<p style=\"text-align: justify;\">In parallel, tourists can venture their way into hundreds of waterfalls, take easy hikes through wonderful and diverse natural settings, visit natural preserves or try their hand at radical sports, such as trekking, rappelling, rafting and zipline. The climate is sub-tropical with dry season, which goes from April to September. Parts of the municipality are mountainous and maintain some climatic variations due to altitude. So take your sunglasses, sunscreen and swimsuits.<\/p>\n[\/vc_column_text][\/vc_column][\/vc_row][vc_row][vc_column]<style> style=\"height:30px;\"<\/style><div class=\"vcex-spacing wpex-w-100 wpex-clear\" style=\"height:30px;\"><\/div>[\/vc_column][\/vc_row][vc_row css=&#8221;.vc_custom_1548876572693{padding-top: 40px !important;}&#8221; local_scroll_id=&#8221;Officialagency&#8221;][vc_column][vc_column_text text_align=&#8221;center&#8221; font_size=&#8221;14&#8243; color=&#8221;#8c8c8c&#8221;]\n<h1 style=\"text-align: center;\">Official agency<\/h1>\n<p style=\"text-align: left;\">Campos do Jord\u00e3o Eventos com Elisabete Simabuco<br \/>\nFone: (11) 99750 8361 WhatsApp ou (12) 3663 2166<br \/>\nE-mail: reserva@camposdojordaoeventos.com.br ou bete@camposdojordaoeventos.com.br<br \/>\nSite: www.camposdojordaoeventos.com.br[\/vc_column_text][\/vc_column][\/vc_row][vc_row][vc_column]<style> style=\"height:50px;\"<\/style><div class=\"vcex-spacing wpex-w-100 wpex-clear\" style=\"height:50px;\"><\/div>[\/vc_column][\/vc_row]\n<\/div>","protected":false},"excerpt":{"rendered":"<p>[vc_row css=&#8221;.vc_custom_1548876532176{padding-top: 40px !important;}&#8221; local_scroll_id=&#8221;Cancellationpolicy&#8221;][vc_column][vc_column_text text_align=&#8221;center&#8221; font_size=&#8221;14&#8243; color=&#8221;#8c8c8c&#8221;] Cancellation policy No refunds will be provided; however, you can indicate a substitute person at no additional cost. [\/vc_column_text][\/vc_column][\/vc_row][vc_row css=&#8221;.vc_custom_1548876526006{padding-top: 40px !important;}&#8221; local_scroll_id=&#8221;Travellinginformation&#8221;][vc_column][vc_column_text text_align=&#8221;center&#8221; font_size=&#8221;14&#8243; color=&#8221;#8c8c8c&#8221;] Travelling information The most convenient wat to reach Pirenopolis is to arrive at Brasilia Airport. We will provide transfer from Brasilia&hellip;<\/p>\n","protected":false},"author":1,"featured_media":0,"parent":0,"menu_order":0,"comment_status":"closed","ping_status":"closed","template":"","meta":{"footnotes":""},"class_list":["post-181","page","type-page","status-publish","hentry","entry","no-media"],"_links":{"self":[{"href":"https:\/\/brazmedchem.org\/2020\/wp-json\/wp\/v2\/pages\/181","targetHints":{"allow":["GET"]}}],"collection":[{"href":"https:\/\/brazmedchem.org\/2020\/wp-json\/wp\/v2\/pages"}],"about":[{"href":"https:\/\/brazmedchem.org\/2020\/wp-json\/wp\/v2\/types\/page"}],"author":[{"embeddable":true,"href":"https:\/\/brazmedchem.org\/2020\/wp-json\/wp\/v2\/users\/1"}],"replies":[{"embeddable":true,"href":"https:\/\/brazmedchem.org\/2020\/wp-json\/wp\/v2\/comments?post=181"}],"version-history":[{"count":13,"href":"https:\/\/brazmedchem.org\/2020\/wp-json\/wp\/v2\/pages\/181\/revisions"}],"predecessor-version":[{"id":582,"href":"https:\/\/brazmedchem.org\/2020\/wp-json\/wp\/v2\/pages\/181\/revisions\/582"}],"wp:attachment":[{"href":"https:\/\/brazmedchem.org\/2020\/wp-json\/wp\/v2\/media?parent=181"}],"curies":[{"name":"wp","href":"https:\/\/api.w.org\/{rel}","templated":true}]}}