{"id":425,"date":"2022-03-02T11:03:00","date_gmt":"2022-03-02T14:03:00","guid":{"rendered":"https:\/\/brazmedchem.org\/2022\/?page_id=425"},"modified":"2022-05-09T12:18:28","modified_gmt":"2022-05-09T15:18:28","slug":"travelling-information","status":"publish","type":"page","link":"https:\/\/brazmedchem.org\/2022\/travelling-information\/","title":{"rendered":"Travelling information"},"content":{"rendered":"<h1 style=\"text-align: justify;\">Travelling information<\/h1>\n<p style=\"text-align: justify;\">The most convenient way to reach the city of Po\u00e7os de Caldas is to arrive at International Airporto of Guarulhos (S\u00e3o Paulo) or Internacional Airport of Viracopos (Campinas \u2013 SP). The organizing Committee will provide transfer from these two Airports to Po\u00e7os de Caldas, upon request at an additional cost. Please, send an email to reserva@camposdojordaoeventos.com.br.<br \/>\nImportant remark: As we have a limited number of places for the transfer, please contact Ms. Elisabete by phone (+55 11 99750-8361) or by e-mail (reserva@camposdojordaoeventos.com.br) before purchasing your travel tickets.<\/p>\n<h1 style=\"text-align: justify;\">Information about transfer<\/h1>\n<p style=\"text-align: justify;\">On arrival, a transfer service for speakers will be available from Guarulhos airport (10 a.m.) and Viracopos airport (10:30 a.m.) to the venue. For the other participants, please contact Ms. Elisabete Simabuco by the e-mail: reserva@camposdojordaoeventos.com.br or by phone (11) 99750 8361 or (12) 3663 2166 for information about Shuttle to and from Hotel Palace (Po\u00e7os de Caldas).<\/p>\n<h1 style=\"text-align: justify;\">Visa and currency<\/h1>\n<p style=\"text-align: justify;\">Visas: Participants should check with their local travel agents whether they will require a visa for traveling to Brazil. It is recommended to apply well in advance of the meeting.<br \/>\nCurrency: The Brazilian currency is the Real. Major credit cards are widely accepted in Brazil. In both Guarulhos and Viracopos airports there are exchange houses of the main foreign currencies.<br \/>\nFor further information, please send us an e-mail to reserva@camposdojordaoeventos.com.br<\/p>\n<h1 style=\"text-align: justify;\">Letter of invitation<\/h1>\n<p style=\"text-align: justify;\">All participants requiring invitation letters should inform the 10th Brazilian Symposium on Medicinal Chemistry secretariat as early as possible.<br \/>\nSuch invitations are only for the purpose of assisting participants to raise travel funds or to obtain visas. No financial commitment on the part of the organizers is implied. Please address your request to\u00a010brazmedchem@gmail.com or reserva@camposdojordaoeventos.com.br<br \/>\nCancellation policy<br \/>\nNo refunds will be provided; however, you can indicate a substitute person at no additional cost.<br \/>\nPo\u00e7os de Caldas<\/p>\n<h1 style=\"text-align: justify;\">Historical and geografical aspects<\/h1>\n<p style=\"text-align: justify;\">Po\u00e7os de Caldas was founded in 1872, in a region originally inhabited by the Cataguases Indians, who were expelled from their lands during the Brazilian historical period of exploration of gold mines. In 1874 it became a district, then in 1875 it was elevated to the category of city. It became famous after the discovery of the hot springs, and many important people began to visit the spa in search of cures provided by the water.<br \/>\nIt lies on the boundary of the state of\u00a0S\u00e3o Paulo\u00a0at 1186 meters elevation and is the main socio-economic nucleus of its region. It is a small to medium size city, which its physical area is made up for the most part of a high plateau formed by mountains, fields and valleys with an area of approximately 750\u00a0km2. The average elevation is 1200\u00a0m (3937\u00a0ft), with Cristo Redentor, the highest point, at 1686\u00a0m (5531\u00a0ft). The topography is highly suggestive of a\u00a0volcanic crater\u00a0and, given that the region&#8217;s rocks are indeed\u00a0igneous\u00a0and there are\u00a0hot springs, this gave rise to a common misconception that Po\u00e7os de Caldas would be located inside the crater of a large extinct volcano. In reality, Po\u00e7os de Caldas is inside a\u00a0caldera\u00a0that was formed by the collapse of a central portion of terrain amid elevated areas, and while the latter have volcanic origin, the process that formed the supposed &#8220;crater&#8221; had nothing to do with volcanic activity. Po\u00e7os de Caldas occupies a highly strategic geographical location, due to its proximity to S\u00e3o Paulo (243\u00a0km),\u00a0Belo Horizonte\u00a0(460\u00a0km) and\u00a0Rio de Janeiro\u00a0(470\u00a0km), cities, three of the biggest brazilian cities ( all are state capital cities) whose connections are made with good highways and its is part of a complex of hydro-mineral spas of\u00a0that include cities as Serra Negra,\u00a0\u00c1guas de Lind\u00f3ia,\u00a0Socorro,\u00a0Monte Alegre do Sul, \u00c1guas da Prata,\u00a0Caldas,\u00a0Cambuquira,\u00a0Caxambu\u00a0and\u00a0S\u00e3o Louren\u00e7o. Po\u00e7os de Caldas is also close to the most developed regions of the interior of the state of S\u00e3o Paulo, such as\u00a0Ribeir\u00e3o Preto\u00a0(240\u00a0km),\u00a0Campinas\u00a0(160 Km, where is located the international airport of Viracopos) and\u00a0S\u00e3o Jos\u00e9 dos Campos\u00a0(315\u00a0km).<br \/>\nThe climate is characterized by dry winters and mild summers. The winter is from April to September and has an average temperature of 15\u00a0\u00b0C and rainfall of 315\u00a0mm. The summer is from October to March and has an average temperature of 21\u00a0\u00b0C with rainfall of 1,430\u00a0mm. The annual rainfall is 1,745\u00a0mm. The average annual temperature is 17\u00a0\u00b0C with record low of -6\u00a0\u00b0C and record high of 31.7\u00a0\u00b0C.<br \/>\nKnown mainly for its thermal baths, there are several\u00a0resorts\u00a0in the city. Due to its wealth in hydro-mineral resources, Po\u00e7os de Caldas is also known for the quality of the\u00a0soap\u00a0that it produces. There are four factories in the city: Ra\u00edzes, Antares, Sarandi and Terra Brasil. Po\u00e7os is famous for its glass, which is known internationally, due to the Italian founders of the factories which were descendants of the\u00a0artistic glassmakers\u00a0from the\u00a0Island of Murano. In the city there are four glass factories: Ca&#8217;D&#8217;oro, S\u00e3o Marcos, Veneza and Bonora.<br \/>\nPo\u00e7os is also the home of one of the largest\u00a0bauxite\u00a0mines in the world, owned by\u00a0Alcoa. This ore contains at least 45% alumina, which is extracted to make\u00a0aluminum. The smelting operations at Po\u00e7os de Caldas have an annual capacity of 90,000 tons\/year of primary aluminum. The facility is the largest aluminum-powder production facility in Latin America, and the second largest in the world.\u00a0The plant has a capacity of 14,000 tonnes\/year of aluminum powder and meets the market demand for ferroalloys, refractories, pigments, metallurgy, chemicals, explosives and solid fuel for rockets. The facility began production of hydrated aluminas and hard-burned calcined aluminas in 1985.<\/p>\n<h1 style=\"text-align: justify;\">Tourism<\/h1>\n<p style=\"text-align: justify;\">The city is very well taken care of, with several green areas, among parks, squares, gardens and S\u00e3o Domingos mountain, which has trails for walking. There is an aerial tram to get to the Statue of Christ the Redeemer (1,686\u00a0m). At the top of the mountain there is a great view of the nearby mountains. The sulphurous water is the main attraction and can be consumed in several fountains and at the Thermas Ant\u00f4nio Carlos. The city also offers options such as a theme park, museums, theaters, cafes, bars, restaurants, and other cultural events.<\/p>\n<h1 style=\"text-align: justify;\"><strong>Gastronomy<\/strong><\/h1>\n<p style=\"text-align: justify;\">The region is known throughout Brazil for its delicious food. In spite of a number of different options of restaurants with different tendencies in terms of traditional and international food (mainly Italian food), on of the main appeal is the regional cuisine called \u201ccozinha mineira\u201d. Basically, the prepared dishes take typical ingredients of the region, with influences from other states like Mato Grosso, Goias and Bahia, bringing together elements with the cuisine of the Midwest and Northeastern. Some Minas Gerais food that you need to try are:<\/p>\n<p style=\"text-align: justify;\"><strong>CHEESE<\/strong>: Minas Gerais is the dairy-producing state of Brazil and is known for such cheeses as Queijo Minas, a soft, mild-flavoured fresh white cheese usually sold packaged in water; requeij\u00e3o, a mildly salty, silky-textured, spreadable cheese sold in glass jars and eaten on bread; and Catupiry, a soft processed cheese sold in a distinctive round wooden box.<br \/>\n<strong>Caipira chicken<\/strong>: A chicken that has lived its life running around the yard, what we\u2019d call a free-range chicken, is known in Brazil as a \u201cfrango caipira\u201d, which means country-style chicken. This dish is a \u201cComida Caseira\u201d or typical meal that you would eat in the countryside of Brazil.<br \/>\n<strong>Feij\u00e3o tropeiro\u00a0(cattleman\u2019s beans)<\/strong>: A traditional Brazilian dish from Minas Gerais, \u201cFeij\u00e3o Tropeiro\u201d is made with beans, sausage, bacon, collard greens, eggs and manioc flour.<br \/>\n<strong>Canjiquinha<\/strong>: This is a dish typically from Minas Gerais. It is basically crushed corn and in the \u201cmineira\u201d version it is prepared with pork. The appearance is yellowish, creamy and with pieces of meat.<br \/>\n<strong>Quitandas<\/strong>: These cakes, biscuits and sweets are usually served as snacks in cafes, and the process that accompanies their preparation is something to experience.<\/p>\n<h1 style=\"text-align: justify;\">Official agency<\/h1>\n<p style=\"text-align: justify;\">Campos do Jord\u00e3o Eventos com Elisabete Simabuco?Fone: (11) 99750 8361 WhatsApp ou (12) 3663 2166?E-mail: reserva@camposdojordaoeventos.com.br ou bete@camposdojordaoeventos.com.br?Site: www.camposdojordaoeventos.com.br<\/p>\n","protected":false},"excerpt":{"rendered":"<p>Travelling information The most convenient way to reach the city of Po\u00e7os de Caldas is to arrive at International Airporto of Guarulhos (S\u00e3o Paulo) or Internacional Airport of Viracopos (Campinas \u2013 SP). The organizing Committee will provide transfer from these two Airports to Po\u00e7os de Caldas, upon request at an additional cost. Please, send an&hellip;<\/p>\n","protected":false},"author":1,"featured_media":0,"parent":0,"menu_order":0,"comment_status":"closed","ping_status":"closed","template":"","meta":{"footnotes":""},"class_list":["post-425","page","type-page","status-publish","hentry","entry","no-media"],"_links":{"self":[{"href":"https:\/\/brazmedchem.org\/2022\/wp-json\/wp\/v2\/pages\/425","targetHints":{"allow":["GET"]}}],"collection":[{"href":"https:\/\/brazmedchem.org\/2022\/wp-json\/wp\/v2\/pages"}],"about":[{"href":"https:\/\/brazmedchem.org\/2022\/wp-json\/wp\/v2\/types\/page"}],"author":[{"embeddable":true,"href":"https:\/\/brazmedchem.org\/2022\/wp-json\/wp\/v2\/users\/1"}],"replies":[{"embeddable":true,"href":"https:\/\/brazmedchem.org\/2022\/wp-json\/wp\/v2\/comments?post=425"}],"version-history":[{"count":2,"href":"https:\/\/brazmedchem.org\/2022\/wp-json\/wp\/v2\/pages\/425\/revisions"}],"predecessor-version":[{"id":498,"href":"https:\/\/brazmedchem.org\/2022\/wp-json\/wp\/v2\/pages\/425\/revisions\/498"}],"wp:attachment":[{"href":"https:\/\/brazmedchem.org\/2022\/wp-json\/wp\/v2\/media?parent=425"}],"curies":[{"name":"wp","href":"https:\/\/api.w.org\/{rel}","templated":true}]}}