{"id":749,"date":"2022-09-13T17:05:33","date_gmt":"2022-09-13T20:05:33","guid":{"rendered":"https:\/\/brazmedchem.org\/2022\/?page_id=749"},"modified":"2022-09-13T17:05:33","modified_gmt":"2022-09-13T20:05:33","slug":"ciencia-e-vida","status":"publish","type":"page","link":"https:\/\/brazmedchem.org\/2022\/ciencia-e-vida\/","title":{"rendered":"Ci\u00eancia \u00e9 Vida"},"content":{"rendered":"<p>O N\u00facleo Ouroboros de Divuga\u00e7\u00e3o Cient\u00edfica apresenta um teatro musical que mostra a import\u00e2ncia da ci\u00eancia do s\u00e9culo XX at\u00e9 os dias de hoje. Aspectos importantes da hist\u00f3ria humana e reflex\u00f5es sobre o futuro do planeta estar\u00e3o presentes nesse Manifesto que ser\u00e1 escrito ao longo do espet\u00e1culo. Venham participar dessa escrita e defender a ci\u00eancia com a gente!<\/p>\n","protected":false},"excerpt":{"rendered":"<p>O N\u00facleo Ouroboros de Divuga\u00e7\u00e3o Cient\u00edfica apresenta um teatro musical que mostra a import\u00e2ncia da ci\u00eancia do s\u00e9culo XX at\u00e9 os dias de hoje. Aspectos importantes da hist\u00f3ria humana e reflex\u00f5es sobre o futuro do planeta estar\u00e3o presentes nesse Manifesto que ser\u00e1 escrito ao longo do espet\u00e1culo. Venham participar dessa escrita e defender a ci\u00eancia&hellip;<\/p>\n","protected":false},"author":1,"featured_media":0,"parent":0,"menu_order":0,"comment_status":"closed","ping_status":"closed","template":"","meta":{"footnotes":""},"class_list":["post-749","page","type-page","status-publish","hentry","entry","no-media"],"_links":{"self":[{"href":"https:\/\/brazmedchem.org\/2022\/wp-json\/wp\/v2\/pages\/749","targetHints":{"allow":["GET"]}}],"collection":[{"href":"https:\/\/brazmedchem.org\/2022\/wp-json\/wp\/v2\/pages"}],"about":[{"href":"https:\/\/brazmedchem.org\/2022\/wp-json\/wp\/v2\/types\/page"}],"author":[{"embeddable":true,"href":"https:\/\/brazmedchem.org\/2022\/wp-json\/wp\/v2\/users\/1"}],"replies":[{"embeddable":true,"href":"https:\/\/brazmedchem.org\/2022\/wp-json\/wp\/v2\/comments?post=749"}],"version-history":[{"count":1,"href":"https:\/\/brazmedchem.org\/2022\/wp-json\/wp\/v2\/pages\/749\/revisions"}],"predecessor-version":[{"id":750,"href":"https:\/\/brazmedchem.org\/2022\/wp-json\/wp\/v2\/pages\/749\/revisions\/750"}],"wp:attachment":[{"href":"https:\/\/brazmedchem.org\/2022\/wp-json\/wp\/v2\/media?parent=749"}],"curies":[{"name":"wp","href":"https:\/\/api.w.org\/{rel}","templated":true}]}}